{"id":8,"date":"2025-10-28T09:11:29","date_gmt":"2025-10-28T09:11:29","guid":{"rendered":"https:\/\/youthful-gould.217-154-77-118.plesk.page\/?page_id=8"},"modified":"2025-11-20T20:03:17","modified_gmt":"2025-11-20T20:03:17","slug":"acerca-de","status":"publish","type":"page","link":"https:\/\/infotecnicos.com\/index.php\/acerca-de\/","title":{"rendered":"Acerca de INFOTECNICOS IB\u00c9RICA"},"content":{"rendered":"\n<div style=\"height:11px\" aria-hidden=\"true\" class=\"wp-block-spacer\"><\/div>\n\n\n\n<div class=\"wp-block-group is-layout-constrained wp-block-group-is-layout-constrained\">\n<div class=\"wp-block-media-text is-stacked-on-mobile pattern-about\" style=\"grid-template-columns:30% auto\"><figure class=\"wp-block-media-text__media\"><img fetchpriority=\"high\" decoding=\"async\" width=\"512\" height=\"512\" src=\"https:\/\/infotecnicos.com\/wp-content\/uploads\/2025\/10\/cropped-fondo_documentos2.png\" alt=\"\" class=\"wp-image-55 size-full\" srcset=\"https:\/\/infotecnicos.com\/wp-content\/uploads\/2025\/10\/cropped-fondo_documentos2.png 512w, https:\/\/infotecnicos.com\/wp-content\/uploads\/2025\/10\/cropped-fondo_documentos2-300x300.png 300w, https:\/\/infotecnicos.com\/wp-content\/uploads\/2025\/10\/cropped-fondo_documentos2-150x150.png 150w, https:\/\/infotecnicos.com\/wp-content\/uploads\/2025\/10\/cropped-fondo_documentos2-270x270.png 270w, https:\/\/infotecnicos.com\/wp-content\/uploads\/2025\/10\/cropped-fondo_documentos2-192x192.png 192w, https:\/\/infotecnicos.com\/wp-content\/uploads\/2025\/10\/cropped-fondo_documentos2-180x180.png 180w, https:\/\/infotecnicos.com\/wp-content\/uploads\/2025\/10\/cropped-fondo_documentos2-32x32.png 32w\" sizes=\"(max-width: 512px) 100vw, 512px\" \/><\/figure><div class=\"wp-block-media-text__content\">\n<p>M\u00e1s de 35 A\u00f1os Conectando la Tecnolog\u00eda con Tu \u00c9xito.<br>En INFOTECNICOS IB\u00c9RICA SERVICIOS INFORM\u00c1TICOS S.L., somos tu socio tecnol\u00f3gico de confianza. Desde nuestro nacimiento, nuestra misi\u00f3n ha sido clara: transformar la complejidad inform\u00e1tica en soluciones \u00e1giles, seguras y a medida que impulsan el crecimiento y la eficiencia de empresas, profesionales, aut\u00f3nomos y particulares.<\/p>\n\n\n\n<p>Con una trayectoria de m\u00e1s de 35 a\u00f1os en el sector, no solo hemos sido testigos de la evoluci\u00f3n tecnol\u00f3gica, sino que hemos estado a la vanguardia, adaptando e innovando constantemente nuestra oferta para que usted siempre est\u00e9 un paso por delante.<\/p>\n<\/div><\/div>\n<\/div>\n\n\n\n<div style=\"height:100px\" aria-hidden=\"true\" class=\"wp-block-spacer\"><\/div>\n\n\n\n<div class=\"wp-block-group is-layout-constrained wp-block-group-is-layout-constrained\">\n<div class=\"wp-block-media-text has-media-on-the-right is-stacked-on-mobile\"><div class=\"wp-block-media-text__content\">\n<h2 class=\"wp-block-heading\">Nuestra Filosof\u00eda: Experiencia y Proximidad<\/h2>\n\n\n\n<p>Creemos que la mejor tecnolog\u00eda es aquella que funciona sin problemas y que est\u00e1 respaldada por un equipo humano excepcional.<\/p>\n<\/div><figure class=\"wp-block-media-text__media\"><img decoding=\"async\" width=\"1024\" height=\"576\" src=\"https:\/\/infotecnicos.com\/wp-content\/uploads\/2025\/11\/Soporte-Tecnico-Informatico.png\" alt=\"\" class=\"wp-image-166 size-full\" srcset=\"https:\/\/infotecnicos.com\/wp-content\/uploads\/2025\/11\/Soporte-Tecnico-Informatico.png 1024w, https:\/\/infotecnicos.com\/wp-content\/uploads\/2025\/11\/Soporte-Tecnico-Informatico-300x169.png 300w, https:\/\/infotecnicos.com\/wp-content\/uploads\/2025\/11\/Soporte-Tecnico-Informatico-768x432.png 768w\" sizes=\"(max-width: 1024px) 100vw, 1024px\" \/><\/figure><\/div>\n<\/div>\n\n\n\n<div style=\"height:100px\" aria-hidden=\"true\" class=\"wp-block-spacer\"><\/div>\n\n\n\n<div class=\"wp-block-group is-layout-constrained wp-block-group-is-layout-constrained\">\n<div class=\"wp-block-media-text is-stacked-on-mobile\" style=\"grid-template-columns:30% auto\"><figure class=\"wp-block-media-text__media\"><img decoding=\"async\" width=\"909\" height=\"560\" src=\"https:\/\/infotecnicos.com\/wp-content\/uploads\/2025\/11\/Soluciones-en-Equipos-y-Hardware.png\" alt=\"\" class=\"wp-image-167 size-full\" srcset=\"https:\/\/infotecnicos.com\/wp-content\/uploads\/2025\/11\/Soluciones-en-Equipos-y-Hardware.png 909w, https:\/\/infotecnicos.com\/wp-content\/uploads\/2025\/11\/Soluciones-en-Equipos-y-Hardware-300x185.png 300w, https:\/\/infotecnicos.com\/wp-content\/uploads\/2025\/11\/Soluciones-en-Equipos-y-Hardware-768x473.png 768w\" sizes=\"(max-width: 909px) 100vw, 909px\" \/><\/figure><div class=\"wp-block-media-text__content\">\n<h2 class=\"wp-block-heading\">Soporte T\u00e9cnico, Desarrollo Web y Distribuci\u00f3n de Hardware en O Porri\u00f1o<\/h2>\n\n\n\n<p>Servicio Integral y Local: Ofrecemos una cobertura integral de servicios inform\u00e1ticos. Desde nuestro centro en O Porri\u00f1o (Pontevedra), brindamos soporte t\u00e9cnico inform\u00e1tico, mantenimiento profesional, desarrollo web a medida, y las mejores soluciones en equipos y hardware como distribuidores oficiales de marcas l\u00edderes.<\/p>\n<\/div><\/div>\n<\/div>\n\n\n\n<div style=\"height:100px\" aria-hidden=\"true\" class=\"wp-block-spacer\"><\/div>\n\n\n\n<div class=\"wp-block-group is-layout-constrained wp-block-group-is-layout-constrained\">\n<div class=\"wp-block-media-text has-media-on-the-right is-stacked-on-mobile\" style=\"grid-template-columns:auto 27%\"><div class=\"wp-block-media-text__content\">\n<h2 class=\"wp-block-heading\">Nuestra Visi\u00f3n: Ser el Socio Tecnol\u00f3gico de Confianza en Galicia<\/h2>\n\n\n\n<p>En Infot\u00e9cnicos, nuestra visi\u00f3n trasciende el simple soporte t\u00e9cnico. Aspiramos a convertirnos en el <strong>socio tecnol\u00f3gico preferido<\/strong> por las empresas y profesionales en O Porri\u00f1o, Pontevedra y toda Galicia.<\/p>\n\n\n\n<p>Buscamos ser reconocidos por nuestra <strong>proximidad<\/strong>, la <strong>excelencia<\/strong> de nuestro mantenimiento preventivo, y nuestra capacidad para ofrecer las soluciones de hardware y software m\u00e1s innovadoras y asequibles del mercado. Queremos que, al pensar en futuro digital y crecimiento, la primera opci\u00f3n sea Infot\u00e9cnicos.<\/p>\n<\/div><figure class=\"wp-block-media-text__media\"><img loading=\"lazy\" decoding=\"async\" width=\"865\" height=\"484\" src=\"https:\/\/infotecnicos.com\/wp-content\/uploads\/2025\/11\/Desarrollo-Web-a-Medida-infotecnicos.png\" alt=\"\" class=\"wp-image-172 size-full\" srcset=\"https:\/\/infotecnicos.com\/wp-content\/uploads\/2025\/11\/Desarrollo-Web-a-Medida-infotecnicos.png 865w, https:\/\/infotecnicos.com\/wp-content\/uploads\/2025\/11\/Desarrollo-Web-a-Medida-infotecnicos-300x168.png 300w, https:\/\/infotecnicos.com\/wp-content\/uploads\/2025\/11\/Desarrollo-Web-a-Medida-infotecnicos-768x430.png 768w\" sizes=\"(max-width: 865px) 100vw, 865px\" \/><\/figure><\/div>\n<\/div>\n\n\n\n<div style=\"height:34px\" aria-hidden=\"true\" class=\"wp-block-spacer\"><\/div>\n\n\n\n<div class=\"wp-block-group team-members-pattern p-animation-zoom-in is-layout-flow wp-block-group-is-layout-flow\" style=\"padding-top:var(--wp--preset--spacing--large);padding-bottom:var(--wp--preset--spacing--large)\">\n<h3 class=\"wp-block-heading has-text-align-center has-large-font-size\">Conoce al equipo<\/h3>\n\n\n\n<div style=\"height:16px\" aria-hidden=\"true\" class=\"wp-block-spacer\"><\/div>\n\n\n\n<p class=\"has-text-align-center\">Conoce a nuestro equipo de profesionales dedicados.<\/p>\n\n\n\n<div class=\"wp-block-columns is-layout-flex wp-container-core-columns-is-layout-b8f50212 wp-block-columns-is-layout-flex\" style=\"padding-top:0;padding-right:0;padding-bottom:0;padding-left:0\">\n<div class=\"wp-block-column is-layout-flow wp-block-column-is-layout-flow\" style=\"padding-top:var(--wp--preset--spacing--small);padding-bottom:var(--wp--preset--spacing--small)\">\n<figure class=\"wp-block-image aligncenter size-full is-resized has-custom-border\"><img decoding=\"async\" src=\"https:\/\/infotecnicos.com\/wp-content\/themes\/prespa\/assets\/img\/patterns\/team\/person-14.jpg\" alt=\"\" class=\"wp-image-3314\" style=\"border-radius:50%;width:120px\"\/><\/figure>\n\n\n\n<h4 class=\"wp-block-heading has-text-align-center\">Richard Sambrora<\/h4>\n\n\n\n<p class=\"has-text-align-center\">Jefe de ventas<\/p>\n<\/div>\n\n\n\n<div class=\"wp-block-column is-layout-flow wp-block-column-is-layout-flow\" style=\"padding-top:var(--wp--preset--spacing--small);padding-right:0;padding-bottom:var(--wp--preset--spacing--small);padding-left:0\">\n<figure class=\"wp-block-image aligncenter size-full is-resized has-custom-border\"><img decoding=\"async\" src=\"https:\/\/infotecnicos.com\/wp-content\/themes\/prespa\/assets\/img\/patterns\/team\/person-12.jpg\" alt=\"\" class=\"wp-image-3315\" style=\"border-radius:50%;width:120px\"\/><\/figure>\n\n\n\n<h4 class=\"wp-block-heading has-text-align-center\">Jonathan Grey<\/h4>\n\n\n\n<p class=\"has-text-align-center\">CTO<\/p>\n<\/div>\n\n\n\n<div class=\"wp-block-column is-layout-flow wp-block-column-is-layout-flow\" style=\"padding-top:var(--wp--preset--spacing--small);padding-bottom:var(--wp--preset--spacing--small)\">\n<figure class=\"wp-block-image aligncenter size-full is-resized has-custom-border\"><img decoding=\"async\" src=\"https:\/\/infotecnicos.com\/wp-content\/themes\/prespa\/assets\/img\/patterns\/team\/person-13.jpg\" alt=\"\" class=\"wp-image-3316\" style=\"border-width:px;border-radius:50%;width:120px\"\/><\/figure>\n\n\n\n<h4 class=\"wp-block-heading has-text-align-center\">Elsa Walson<\/h4>\n\n\n\n<p class=\"has-text-align-center\">Director de RRHH<\/p>\n<\/div>\n\n\n\n<div class=\"wp-block-column is-layout-flow wp-block-column-is-layout-flow\" style=\"padding-top:var(--wp--preset--spacing--small);padding-bottom:var(--wp--preset--spacing--small)\">\n<figure class=\"wp-block-image aligncenter size-full is-resized has-custom-border\"><img decoding=\"async\" src=\"https:\/\/infotecnicos.com\/wp-content\/themes\/prespa\/assets\/img\/patterns\/team\/person-1.jpg\" alt=\"\" class=\"wp-image-3320\" style=\"border-radius:50%;width:120px\"\/><\/figure>\n\n\n\n<h4 class=\"wp-block-heading has-text-align-center\">Jonathan Doe<\/h4>\n\n\n\n<p class=\"has-text-align-center\">Fundador y CEO<\/p>\n<\/div>\n<\/div>\n<\/div>\n","protected":false},"excerpt":{"rendered":"<p>M\u00e1s de 35 A\u00f1os Conectando la Tecnolog\u00eda con Tu \u00c9xito.En INFOTECNICOS IB\u00c9RICA SERVICIOS INFORM\u00c1TICOS S.L.,&hellip;<\/p>\n","protected":false},"author":1,"featured_media":0,"parent":0,"menu_order":0,"comment_status":"closed","ping_status":"closed","template":"","meta":{"footnotes":""},"class_list":["post-8","page","type-page","status-publish","hentry"],"yoast_head":"<!-- This site is optimized with the Yoast SEO plugin v27.1.1 - https:\/\/yoast.com\/product\/yoast-seo-wordpress\/ -->\n<title>Acerca de INFOTECNICOS IB\u00c9RICA - infotecnicos.com<\/title>\n<meta name=\"robots\" content=\"noindex, follow, max-snippet:-1, max-image-preview:large, max-video-preview:-1\" \/>\n<meta property=\"og:locale\" content=\"es_ES\" \/>\n<meta property=\"og:type\" content=\"article\" \/>\n<meta property=\"og:title\" content=\"Acerca de INFOTECNICOS IB\u00c9RICA - infotecnicos.com\" \/>\n<meta property=\"og:description\" content=\"M\u00e1s de 35 A\u00f1os Conectando la Tecnolog\u00eda con Tu \u00c9xito.En INFOTECNICOS IB\u00c9RICA SERVICIOS INFORM\u00c1TICOS S.L.,&hellip;\" \/>\n<meta property=\"og:url\" content=\"https:\/\/infotecnicos.com\/index.php\/acerca-de\/\" \/>\n<meta property=\"og:site_name\" content=\"infotecnicos.com\" \/>\n<meta property=\"article:modified_time\" content=\"2025-11-20T20:03:17+00:00\" \/>\n<meta property=\"og:image\" content=\"https:\/\/infotecnicos.com\/wp-content\/uploads\/2025\/10\/cropped-fondo_documentos2.png\" \/>\n\t<meta property=\"og:image:width\" content=\"512\" \/>\n\t<meta property=\"og:image:height\" content=\"512\" \/>\n\t<meta property=\"og:image:type\" content=\"image\/png\" \/>\n<meta name=\"twitter:card\" content=\"summary_large_image\" \/>\n<meta name=\"twitter:label1\" content=\"Tiempo de lectura\" \/>\n\t<meta name=\"twitter:data1\" content=\"3 minutos\" \/>\n<script type=\"application\/ld+json\" class=\"yoast-schema-graph\">{\"@context\":\"https:\/\/schema.org\",\"@graph\":[{\"@type\":\"WebPage\",\"@id\":\"https:\/\/infotecnicos.com\/index.php\/acerca-de\/\",\"url\":\"https:\/\/infotecnicos.com\/index.php\/acerca-de\/\",\"name\":\"Acerca de INFOTECNICOS IB\u00c9RICA - infotecnicos.com\",\"isPartOf\":{\"@id\":\"https:\/\/infotecnicos.com\/#website\"},\"primaryImageOfPage\":{\"@id\":\"https:\/\/infotecnicos.com\/index.php\/acerca-de\/#primaryimage\"},\"image\":{\"@id\":\"https:\/\/infotecnicos.com\/index.php\/acerca-de\/#primaryimage\"},\"thumbnailUrl\":\"https:\/\/infotecnicos.com\/wp-content\/uploads\/2025\/10\/cropped-fondo_documentos2.png\",\"datePublished\":\"2025-10-28T09:11:29+00:00\",\"dateModified\":\"2025-11-20T20:03:17+00:00\",\"breadcrumb\":{\"@id\":\"https:\/\/infotecnicos.com\/index.php\/acerca-de\/#breadcrumb\"},\"inLanguage\":\"es\",\"potentialAction\":[{\"@type\":\"ReadAction\",\"target\":[\"https:\/\/infotecnicos.com\/index.php\/acerca-de\/\"]}]},{\"@type\":\"ImageObject\",\"inLanguage\":\"es\",\"@id\":\"https:\/\/infotecnicos.com\/index.php\/acerca-de\/#primaryimage\",\"url\":\"https:\/\/infotecnicos.com\/wp-content\/uploads\/2025\/10\/cropped-fondo_documentos2.png\",\"contentUrl\":\"https:\/\/infotecnicos.com\/wp-content\/uploads\/2025\/10\/cropped-fondo_documentos2.png\",\"width\":512,\"height\":512},{\"@type\":\"BreadcrumbList\",\"@id\":\"https:\/\/infotecnicos.com\/index.php\/acerca-de\/#breadcrumb\",\"itemListElement\":[{\"@type\":\"ListItem\",\"position\":1,\"name\":\"Portada\",\"item\":\"https:\/\/infotecnicos.com\/\"},{\"@type\":\"ListItem\",\"position\":2,\"name\":\"Acerca de INFOTECNICOS IB\u00c9RICA\"}]},{\"@type\":\"WebSite\",\"@id\":\"https:\/\/infotecnicos.com\/#website\",\"url\":\"https:\/\/infotecnicos.com\/\",\"name\":\"infotecnicos.com\",\"description\":\"Infotecnicos Servicios Digitales\",\"publisher\":{\"@id\":\"https:\/\/infotecnicos.com\/#organization\"},\"potentialAction\":[{\"@type\":\"SearchAction\",\"target\":{\"@type\":\"EntryPoint\",\"urlTemplate\":\"https:\/\/infotecnicos.com\/?s={search_term_string}\"},\"query-input\":{\"@type\":\"PropertyValueSpecification\",\"valueRequired\":true,\"valueName\":\"search_term_string\"}}],\"inLanguage\":\"es\"},{\"@type\":\"Organization\",\"@id\":\"https:\/\/infotecnicos.com\/#organization\",\"name\":\"infotecnicos.com\",\"url\":\"https:\/\/infotecnicos.com\/\",\"logo\":{\"@type\":\"ImageObject\",\"inLanguage\":\"es\",\"@id\":\"https:\/\/infotecnicos.com\/#\/schema\/logo\/image\/\",\"url\":\"https:\/\/infotecnicos.com\/wp-content\/uploads\/2025\/10\/cropped-logotipo_infotecnicos_plano_negro.png\",\"contentUrl\":\"https:\/\/infotecnicos.com\/wp-content\/uploads\/2025\/10\/cropped-logotipo_infotecnicos_plano_negro.png\",\"width\":990,\"height\":1254,\"caption\":\"infotecnicos.com\"},\"image\":{\"@id\":\"https:\/\/infotecnicos.com\/#\/schema\/logo\/image\/\"}}]}<\/script>\n<!-- \/ Yoast SEO plugin. -->","yoast_head_json":{"title":"Acerca de INFOTECNICOS IB\u00c9RICA - infotecnicos.com","robots":{"index":"noindex","follow":"follow","max-snippet":"max-snippet:-1","max-image-preview":"max-image-preview:large","max-video-preview":"max-video-preview:-1"},"og_locale":"es_ES","og_type":"article","og_title":"Acerca de INFOTECNICOS IB\u00c9RICA - infotecnicos.com","og_description":"M\u00e1s de 35 A\u00f1os Conectando la Tecnolog\u00eda con Tu \u00c9xito.En INFOTECNICOS IB\u00c9RICA SERVICIOS INFORM\u00c1TICOS S.L.,&hellip;","og_url":"https:\/\/infotecnicos.com\/index.php\/acerca-de\/","og_site_name":"infotecnicos.com","article_modified_time":"2025-11-20T20:03:17+00:00","og_image":[{"width":512,"height":512,"url":"https:\/\/infotecnicos.com\/wp-content\/uploads\/2025\/10\/cropped-fondo_documentos2.png","type":"image\/png"}],"twitter_card":"summary_large_image","twitter_misc":{"Tiempo de lectura":"3 minutos"},"schema":{"@context":"https:\/\/schema.org","@graph":[{"@type":"WebPage","@id":"https:\/\/infotecnicos.com\/index.php\/acerca-de\/","url":"https:\/\/infotecnicos.com\/index.php\/acerca-de\/","name":"Acerca de INFOTECNICOS IB\u00c9RICA - infotecnicos.com","isPartOf":{"@id":"https:\/\/infotecnicos.com\/#website"},"primaryImageOfPage":{"@id":"https:\/\/infotecnicos.com\/index.php\/acerca-de\/#primaryimage"},"image":{"@id":"https:\/\/infotecnicos.com\/index.php\/acerca-de\/#primaryimage"},"thumbnailUrl":"https:\/\/infotecnicos.com\/wp-content\/uploads\/2025\/10\/cropped-fondo_documentos2.png","datePublished":"2025-10-28T09:11:29+00:00","dateModified":"2025-11-20T20:03:17+00:00","breadcrumb":{"@id":"https:\/\/infotecnicos.com\/index.php\/acerca-de\/#breadcrumb"},"inLanguage":"es","potentialAction":[{"@type":"ReadAction","target":["https:\/\/infotecnicos.com\/index.php\/acerca-de\/"]}]},{"@type":"ImageObject","inLanguage":"es","@id":"https:\/\/infotecnicos.com\/index.php\/acerca-de\/#primaryimage","url":"https:\/\/infotecnicos.com\/wp-content\/uploads\/2025\/10\/cropped-fondo_documentos2.png","contentUrl":"https:\/\/infotecnicos.com\/wp-content\/uploads\/2025\/10\/cropped-fondo_documentos2.png","width":512,"height":512},{"@type":"BreadcrumbList","@id":"https:\/\/infotecnicos.com\/index.php\/acerca-de\/#breadcrumb","itemListElement":[{"@type":"ListItem","position":1,"name":"Portada","item":"https:\/\/infotecnicos.com\/"},{"@type":"ListItem","position":2,"name":"Acerca de INFOTECNICOS IB\u00c9RICA"}]},{"@type":"WebSite","@id":"https:\/\/infotecnicos.com\/#website","url":"https:\/\/infotecnicos.com\/","name":"infotecnicos.com","description":"Infotecnicos Servicios Digitales","publisher":{"@id":"https:\/\/infotecnicos.com\/#organization"},"potentialAction":[{"@type":"SearchAction","target":{"@type":"EntryPoint","urlTemplate":"https:\/\/infotecnicos.com\/?s={search_term_string}"},"query-input":{"@type":"PropertyValueSpecification","valueRequired":true,"valueName":"search_term_string"}}],"inLanguage":"es"},{"@type":"Organization","@id":"https:\/\/infotecnicos.com\/#organization","name":"infotecnicos.com","url":"https:\/\/infotecnicos.com\/","logo":{"@type":"ImageObject","inLanguage":"es","@id":"https:\/\/infotecnicos.com\/#\/schema\/logo\/image\/","url":"https:\/\/infotecnicos.com\/wp-content\/uploads\/2025\/10\/cropped-logotipo_infotecnicos_plano_negro.png","contentUrl":"https:\/\/infotecnicos.com\/wp-content\/uploads\/2025\/10\/cropped-logotipo_infotecnicos_plano_negro.png","width":990,"height":1254,"caption":"infotecnicos.com"},"image":{"@id":"https:\/\/infotecnicos.com\/#\/schema\/logo\/image\/"}}]}},"_links":{"self":[{"href":"https:\/\/infotecnicos.com\/index.php\/wp-json\/wp\/v2\/pages\/8","targetHints":{"allow":["GET"]}}],"collection":[{"href":"https:\/\/infotecnicos.com\/index.php\/wp-json\/wp\/v2\/pages"}],"about":[{"href":"https:\/\/infotecnicos.com\/index.php\/wp-json\/wp\/v2\/types\/page"}],"author":[{"embeddable":true,"href":"https:\/\/infotecnicos.com\/index.php\/wp-json\/wp\/v2\/users\/1"}],"replies":[{"embeddable":true,"href":"https:\/\/infotecnicos.com\/index.php\/wp-json\/wp\/v2\/comments?post=8"}],"version-history":[{"count":7,"href":"https:\/\/infotecnicos.com\/index.php\/wp-json\/wp\/v2\/pages\/8\/revisions"}],"predecessor-version":[{"id":175,"href":"https:\/\/infotecnicos.com\/index.php\/wp-json\/wp\/v2\/pages\/8\/revisions\/175"}],"wp:attachment":[{"href":"https:\/\/infotecnicos.com\/index.php\/wp-json\/wp\/v2\/media?parent=8"}],"curies":[{"name":"wp","href":"https:\/\/api.w.org\/{rel}","templated":true}]}}